{"id":30324,"date":"2026-03-23T16:50:51","date_gmt":"2026-03-23T15:50:51","guid":{"rendered":"https:\/\/raw-agency.com\/?page_id=30324"},"modified":"2026-04-21T14:43:55","modified_gmt":"2026-04-21T12:43:55","slug":"elodie-adam","status":"publish","type":"page","link":"https:\/\/raw-agency.com\/en\/elodie-adam\/","title":{"rendered":"Elodie Adam"},"content":{"rendered":"\n[et_pb_section fb_built=\u00a0\u00bb1&Prime; custom_padding_last_edited=\u00a0\u00bbon|phone\u00a0\u00bb admin_label=\u00a0\u00bbHeader\u00a0\u00bb _builder_version=\u00a0\u00bb4.27.6&Prime; _module_preset=\u00a0\u00bbdefault\u00a0\u00bb background_enable_color=\u00a0\u00bboff\u00a0\u00bb custom_margin=\u00a0\u00bb0px||||false|false\u00a0\u00bb custom_margin_tablet=\u00a0\u00bb22px||||false|false\u00a0\u00bb custom_margin_phone=\u00a0\u00bb0px||||false|false\u00a0\u00bb custom_margin_last_edited=\u00a0\u00bbon|phone\u00a0\u00bb custom_padding=\u00a0\u00bb35px||24px|||\u00a0\u00bb custom_padding_tablet=\u00a0\u00bb35px||24px|||\u00a0\u00bb custom_padding_phone=\u00a0\u00bb35px||24px||false|false\u00a0\u00bb collapsed=\u00a0\u00bbon\u00a0\u00bb global_colors_info=\u00a0\u00bb{}\u00a0\u00bb][et_pb_row column_structure=\u00a0\u00bb3_5,2_5&Prime; _builder_version=\u00a0\u00bb4.17.3&Prime; _module_preset=\u00a0\u00bbdefault\u00a0\u00bb global_colors_info=\u00a0\u00bb{}\u00a0\u00bb][et_pb_column type=\u00a0\u00bb3_5&Prime; _builder_version=\u00a0\u00bb4.17.3&Prime; _module_preset=\u00a0\u00bbdefault\u00a0\u00bb global_colors_info=\u00a0\u00bb{}\u00a0\u00bb][et_pb_text _builder_version=\u00a0\u00bb4.27.6&Prime; _module_preset=\u00a0\u00bbdefault\u00a0\u00bb text_font=\u00a0\u00bbPoppins|||on|||||\u00a0\u00bb text_text_color=\u00a0\u00bb#25222E\u00a0\u00bb text_font_size=\u00a0\u00bb24px\u00a0\u00bb text_letter_spacing=\u00a0\u00bb1px\u00a0\u00bb custom_margin=\u00a0\u00bb||10px||false|false\u00a0\u00bb custom_padding=\u00a0\u00bb||||false|false\u00a0\u00bb text_font_size_tablet=\u00a0\u00bb20px\u00a0\u00bb text_font_size_phone=\u00a0\u00bb18px\u00a0\u00bb text_font_size_last_edited=\u00a0\u00bbon|phone\u00a0\u00bb global_colors_info=\u00a0\u00bb{}\u00a0\u00bb]<p>La photographe<\/p>[\/et_pb_text][et_pb_text _builder_version=\u00a0\u00bb4.27.6&Prime; _module_preset=\u00a0\u00bbdefault\u00a0\u00bb text_font=\u00a0\u00bbMulish|800|||||||\u00a0\u00bb text_text_color=\u00a0\u00bb#25222E\u00a0\u00bb text_font_size=\u00a0\u00bb55px\u00a0\u00bb text_line_height=\u00a0\u00bb1.1em\u00a0\u00bb max_width=\u00a0\u00bb725px\u00a0\u00bb custom_margin=\u00a0\u00bb10px||20px||false|false\u00a0\u00bb text_font_size_tablet=\u00a0\u00bb\u00a0\u00bb text_font_size_phone=\u00a0\u00bb32px\u00a0\u00bb text_font_size_last_edited=\u00a0\u00bbon|phone\u00a0\u00bb global_colors_info=\u00a0\u00bb{}\u00a0\u00bb]<p><span>Elodie Adam<\/span><\/p>[\/et_pb_text][et_pb_text _builder_version=\u00a0\u00bb4.27.6&Prime; _module_preset=\u00a0\u00bbdefault\u00a0\u00bb text_font=\u00a0\u00bbMulish|300|||||||\u00a0\u00bb text_text_color=\u00a0\u00bbrgba(37,34,46,0.75)\u00a0\u00bb text_font_size=\u00a0\u00bb20px\u00a0\u00bb text_line_height=\u00a0\u00bb1.5em\u00a0\u00bb header_text_color=\u00a0\u00bb#816FD2&Prime; max_width=\u00a0\u00bb664px\u00a0\u00bb text_font_size_tablet=\u00a0\u00bb\u00a0\u00bb text_font_size_phone=\u00a0\u00bb16px\u00a0\u00bb text_font_size_last_edited=\u00a0\u00bbon|phone\u00a0\u00bb global_colors_info=\u00a0\u00bb{}\u00a0\u00bb]<p class=\"p1\">Elodie Adam est une photographe ind\u00e9pendante bas\u00e9e \u00e0 Brooklyn (NY) qui compte plus de dix ans d&rsquo;exp\u00e9rience. Son travail se concentre sur la photographie de portrait et des \u00e9v\u00e9nements, avec un int\u00e9r\u00eat particulier pour la documentation des performances artistiques queer et trans \u00e0 New York. Elodie a \u00e9tudi\u00e9 la photographie et les techniques de chambre noire \u00e0 l&rsquo;universit\u00e9 Columbia et poss\u00e8de une vaste exp\u00e9rience aupr\u00e8s d&rsquo;une grande vari\u00e9t\u00e9 de clients (particuliers, marques, associations, \u00e9v\u00e9nements,\u00a0mus\u00e9es et galeries).<\/p>[\/et_pb_text][et_pb_blurb title=\u00a0\u00bbVoir le profil\u00a0\u00bb image=\u00a0\u00bbhttps:\/\/raw-agency.com\/wp-content\/uploads\/2026\/03\/instagram.svg\u00a0\u00bb icon_placement=\u00a0\u00bbleft\u00a0\u00bb content_max_width=\u00a0\u00bb870px\u00a0\u00bb _builder_version=\u00a0\u00bb4.27.6&Prime; _module_preset=\u00a0\u00bbdefault\u00a0\u00bb header_font=\u00a0\u00bbMulish|800|||on||||\u00a0\u00bb header_text_color=\u00a0\u00bb#2600D1&Prime; image_icon_custom_margin=\u00a0\u00bb-5px|||0px|false|false\u00a0\u00bb custom_margin=\u00a0\u00bb0px||||false|false\u00a0\u00bb link_option_url=\u00a0\u00bbhttps:\/\/www.instagram.com\/transopticon\/?hl=en\u00a0\u00bb hover_enabled=\u00a0\u00bb0&Prime; global_colors_info=\u00a0\u00bb{}\u00a0\u00bb sticky_enabled=\u00a0\u00bb0&Prime;][\/et_pb_blurb][\/et_pb_column][et_pb_column type=\u00a0\u00bb2_5&Prime; _builder_version=\u00a0\u00bb4.17.3&Prime; _module_preset=\u00a0\u00bbdefault\u00a0\u00bb global_colors_info=\u00a0\u00bb{}\u00a0\u00bb][et_pb_text _builder_version=\u00a0\u00bb4.27.6&Prime; _module_preset=\u00a0\u00bbb327cbe4-b1d5-4b66-ad37-40c8f2f061ba\u00a0\u00bb header_2_font=\u00a0\u00bbMulish|800|||||||\u00a0\u00bb header_2_text_color=\u00a0\u00bb#000000&Prime; header_2_font_size=\u00a0\u00bb45px\u00a0\u00bb header_2_line_height=\u00a0\u00bb1.2em\u00a0\u00bb custom_margin=\u00a0\u00bb0px||0px||false|false\u00a0\u00bb custom_margin_tablet=\u00a0\u00bb0px||0px||false|false\u00a0\u00bb custom_margin_phone=\u00a0\u00bb25px||||false|false\u00a0\u00bb custom_margin_last_edited=\u00a0\u00bbon|phone\u00a0\u00bb custom_padding=\u00a0\u00bb0px||35px||false|false\u00a0\u00bb header_2_font_size_tablet=\u00a0\u00bb32px\u00a0\u00bb header_2_font_size_phone=\u00a0\u00bb25px\u00a0\u00bb header_2_font_size_last_edited=\u00a0\u00bbon|desktop\u00a0\u00bb global_colors_info=\u00a0\u00bb{}\u00a0\u00bb]<h2>Sp\u00e9cialit\u00e9s<\/h2>[\/et_pb_text][et_pb_blurb title=\u00a0\u00bbStudio\u00a0\u00bb icon_placement=\u00a0\u00bbleft\u00a0\u00bb image_icon_width=\u00a0\u00bb48px\u00a0\u00bb content_max_width=\u00a0\u00bb100%\u00a0\u00bb _builder_version=\u00a0\u00bb4.27.6&Prime; _module_preset=\u00a0\u00bbb62950b2-9f88-417a-a624-825d61ec2a3d\u00a0\u00bb header_font=\u00a0\u00bbInter|700|||||||\u00a0\u00bb header_text_color=\u00a0\u00bb#FFFFFF\u00a0\u00bb header_font_size=\u00a0\u00bb19px\u00a0\u00bb header_line_height=\u00a0\u00bb1.4em\u00a0\u00bb body_font=\u00a0\u00bbOpen Sans||||||||\u00a0\u00bb body_text_color=\u00a0\u00bb#000000&Prime; body_line_height=\u00a0\u00bb1.6em\u00a0\u00bb background_color=\u00a0\u00bb#2F2B5A\u00a0\u00bb custom_padding=\u00a0\u00bb20px|20px|20px|20px|true|true\u00a0\u00bb animation=\u00a0\u00bboff\u00a0\u00bb header_font_size_tablet=\u00a0\u00bb16px\u00a0\u00bb header_font_size_phone=\u00a0\u00bb15px\u00a0\u00bb header_font_size_last_edited=\u00a0\u00bbon|phone\u00a0\u00bb locked=\u00a0\u00bboff\u00a0\u00bb global_colors_info=\u00a0\u00bb{}\u00a0\u00bb][\/et_pb_blurb][et_pb_blurb title=\u00a0\u00bbPortraits\u00a0\u00bb icon_placement=\u00a0\u00bbleft\u00a0\u00bb image_icon_width=\u00a0\u00bb45px\u00a0\u00bb content_max_width=\u00a0\u00bb100%\u00a0\u00bb _builder_version=\u00a0\u00bb4.27.6&Prime; _module_preset=\u00a0\u00bbb62950b2-9f88-417a-a624-825d61ec2a3d\u00a0\u00bb header_font=\u00a0\u00bbInter|700|||||||\u00a0\u00bb header_text_color=\u00a0\u00bb#FFFFFF\u00a0\u00bb header_font_size=\u00a0\u00bb19px\u00a0\u00bb header_line_height=\u00a0\u00bb1.4em\u00a0\u00bb body_font=\u00a0\u00bbOpen Sans||||||||\u00a0\u00bb body_text_color=\u00a0\u00bb#FFFFFF\u00a0\u00bb body_line_height=\u00a0\u00bb1.6em\u00a0\u00bb background_color=\u00a0\u00bb#8677D1&Prime; custom_padding=\u00a0\u00bb20px|20px|20px|20px|true|true\u00a0\u00bb animation=\u00a0\u00bboff\u00a0\u00bb header_font_size_tablet=\u00a0\u00bb16px\u00a0\u00bb header_font_size_phone=\u00a0\u00bb15px\u00a0\u00bb header_font_size_last_edited=\u00a0\u00bbon|phone\u00a0\u00bb locked=\u00a0\u00bboff\u00a0\u00bb global_colors_info=\u00a0\u00bb{}\u00a0\u00bb][\/et_pb_blurb][et_pb_blurb title=\u00a0\u00bbStreet\u00a0\u00bb icon_placement=\u00a0\u00bbleft\u00a0\u00bb image_icon_width=\u00a0\u00bb48px\u00a0\u00bb content_max_width=\u00a0\u00bb100%\u00a0\u00bb _builder_version=\u00a0\u00bb4.27.6&Prime; _module_preset=\u00a0\u00bb341773a8-7d77-4626-b15c-f95399f25521&Prime; header_font=\u00a0\u00bbInter|700|||||||\u00a0\u00bb header_text_color=\u00a0\u00bb#FFFFFF\u00a0\u00bb header_font_size=\u00a0\u00bb19px\u00a0\u00bb header_line_height=\u00a0\u00bb1.4em\u00a0\u00bb body_font=\u00a0\u00bbOpen Sans||||||||\u00a0\u00bb body_text_color=\u00a0\u00bb#FFFFFF\u00a0\u00bb body_line_height=\u00a0\u00bb1.6em\u00a0\u00bb background_color=\u00a0\u00bb#000000&Prime; custom_padding=\u00a0\u00bb20px|20px|20px|20px|true|true\u00a0\u00bb animation=\u00a0\u00bboff\u00a0\u00bb header_font_size_tablet=\u00a0\u00bb16px\u00a0\u00bb header_font_size_phone=\u00a0\u00bb15px\u00a0\u00bb header_font_size_last_edited=\u00a0\u00bbon|phone\u00a0\u00bb locked=\u00a0\u00bboff\u00a0\u00bb global_colors_info=\u00a0\u00bb{}\u00a0\u00bb][\/et_pb_blurb][\/et_pb_column][\/et_pb_row][\/et_pb_section][et_pb_section fb_built=\u00a0\u00bb1&Prime; _builder_version=\u00a0\u00bb4.27.0&Prime; _module_preset=\u00a0\u00bbdefault\u00a0\u00bb custom_padding=\u00a0\u00bb||0px|||\u00a0\u00bb global_colors_info=\u00a0\u00bb{}\u00a0\u00bb][et_pb_row _builder_version=\u00a0\u00bb4.27.0&Prime; _module_preset=\u00a0\u00bbdefault\u00a0\u00bb global_colors_info=\u00a0\u00bb{}\u00a0\u00bb][et_pb_column type=\u00a0\u00bb4_4&Prime; _builder_version=\u00a0\u00bb4.27.0&Prime; _module_preset=\u00a0\u00bbdefault\u00a0\u00bb global_colors_info=\u00a0\u00bb{}\u00a0\u00bb][et_pb_gallery gallery_ids=\u00a0\u00bb30541,30538,30537,30536,30535,30534,30533,30532,30531,30530,30529,30528,30527,30526,30525&Prime; posts_number=\u00a0\u00bb12&Prime; orientation=\u00a0\u00bbportrait\u00a0\u00bb show_title_and_caption=\u00a0\u00bboff\u00a0\u00bb zoom_icon_color=\u00a0\u00bb#1a1a1a\u00a0\u00bb hover_icon=\u00a0\u00bb&#x24;||divi||400&Prime; _builder_version=\u00a0\u00bb4.27.6&Prime; _module_preset=\u00a0\u00bbdefault\u00a0\u00bb pagination_font=\u00a0\u00bbOpen Sans|500|||||||\u00a0\u00bb pagination_text_color=\u00a0\u00bb#8677D1&Prime; global_colors_info=\u00a0\u00bb{}\u00a0\u00bb][\/et_pb_gallery][\/et_pb_column][\/et_pb_row][\/et_pb_section]\n","protected":false},"excerpt":{"rendered":"<p>La photographeElodie AdamElodie Adam est une photographe ind\u00e9pendante bas\u00e9e \u00e0 Brooklyn (NY) qui compte plus de dix ans d&rsquo;exp\u00e9rience. Son travail se concentre sur la photographie de portrait et des \u00e9v\u00e9nements, avec un int\u00e9r\u00eat particulier pour la documentation des performances artistiques queer et trans \u00e0 New York. Elodie a \u00e9tudi\u00e9 la photographie et les techniques [&hellip;]<\/p>\n","protected":false},"author":1,"featured_media":0,"parent":0,"menu_order":0,"comment_status":"closed","ping_status":"closed","template":"","meta":{"_et_pb_use_builder":"on","_et_pb_old_content":"<!-- wp:divi\/placeholder \/-->","_et_gb_content_width":"","footnotes":""},"dipi_cpt_category":[],"class_list":["post-30324","page","type-page","status-publish","hentry"],"_links":{"self":[{"href":"https:\/\/raw-agency.com\/en\/wp-json\/wp\/v2\/pages\/30324","targetHints":{"allow":["GET"]}}],"collection":[{"href":"https:\/\/raw-agency.com\/en\/wp-json\/wp\/v2\/pages"}],"about":[{"href":"https:\/\/raw-agency.com\/en\/wp-json\/wp\/v2\/types\/page"}],"author":[{"embeddable":true,"href":"https:\/\/raw-agency.com\/en\/wp-json\/wp\/v2\/users\/1"}],"replies":[{"embeddable":true,"href":"https:\/\/raw-agency.com\/en\/wp-json\/wp\/v2\/comments?post=30324"}],"version-history":[{"count":6,"href":"https:\/\/raw-agency.com\/en\/wp-json\/wp\/v2\/pages\/30324\/revisions"}],"predecessor-version":[{"id":30917,"href":"https:\/\/raw-agency.com\/en\/wp-json\/wp\/v2\/pages\/30324\/revisions\/30917"}],"wp:attachment":[{"href":"https:\/\/raw-agency.com\/en\/wp-json\/wp\/v2\/media?parent=30324"}],"wp:term":[{"taxonomy":"dipi_cpt_category","embeddable":true,"href":"https:\/\/raw-agency.com\/en\/wp-json\/wp\/v2\/dipi_cpt_category?post=30324"}],"curies":[{"name":"wp","href":"https:\/\/api.w.org\/{rel}","templated":true}]}}