{"id":30191,"date":"2025-03-04T17:40:47","date_gmt":"2025-03-04T16:40:47","guid":{"rendered":"https:\/\/raw-agency.com\/?page_id=30191"},"modified":"2025-03-19T09:02:27","modified_gmt":"2025-03-19T08:02:27","slug":"manifeste","status":"publish","type":"page","link":"https:\/\/raw-agency.com\/en\/manifeste\/","title":{"rendered":"Manifeste"},"content":{"rendered":"<p>[et_pb_section fb_built=\u00a0\u00bb1&Prime; custom_padding_last_edited=\u00a0\u00bbon|phone\u00a0\u00bb admin_label=\u00a0\u00bbIntro Section\u00a0\u00bb _builder_version=\u00a0\u00bb4.27.0&Prime; custom_padding=\u00a0\u00bb69px|0px|69px|0px||\u00a0\u00bb custom_padding_tablet=\u00a0\u00bb100px|0px|100px|0px\u00a0\u00bb custom_padding_phone=\u00a0\u00bb60px|0px|40px|0px|false|false\u00a0\u00bb global_colors_info=\u00a0\u00bb{}\u00a0\u00bb][et_pb_row admin_label=\u00a0\u00bbIntro Row\u00a0\u00bb _builder_version=\u00a0\u00bb4.16&Prime; global_colors_info=\u00a0\u00bb{}\u00a0\u00bb][et_pb_column type=\u00a0\u00bb4_4&Prime; _builder_version=\u00a0\u00bb4.16&Prime; custom_padding=\u00a0\u00bb|||\u00a0\u00bb global_colors_info=\u00a0\u00bb{}\u00a0\u00bb custom_padding__hover=\u00a0\u00bb|||\u00a0\u00bb][et_pb_text content_tablet=\u00a0\u00bb<\/p>\n<h2>Raw Agency, en synth\u00e8se<\/h2>\n<p>Raw Agency est une agence cr\u00e9ative genevoise sp\u00e9cialis\u00e9e dans la photographie. Compos\u00e9e de passionn\u00e9s, elle propose des services sur-mesure, alliant expertise et innovation. Chaque projet est trait\u00e9 de mani\u00e8re unique pour sublimer la vision des clients gr\u00e2ce \u00e0 des concepts visuels innovants. Forte de plusieurs ann\u00e9es d\u2019exp\u00e9rience, l\u2019agence combine tradition et modernit\u00e9, restant \u00e0 la pointe des tendances et des technologies. Son objectif : exprimer visuellement l\u2019identit\u00e9 de ses clients \u00e0 travers des images marquantes, \u00e9motionnelles et porteuses d\u2019histoires.<\/p>\n<p>\u00a0\u00bb content_phone=\u00a0\u00bb<\/p>\n<h2>Raw Agency,<br \/>en synth\u00e8se<\/h2>\n<p>Raw Agency est une agence cr\u00e9ative genevoise sp\u00e9cialis\u00e9e dans la photographie. Compos\u00e9e de passionn\u00e9s, elle propose des services sur-mesure, alliant expertise et innovation. Chaque projet est trait\u00e9 de mani\u00e8re unique pour sublimer la vision des clients gr\u00e2ce \u00e0 des concepts visuels innovants. Forte de plusieurs ann\u00e9es d\u2019exp\u00e9rience, l\u2019agence combine tradition et modernit\u00e9, restant \u00e0 la pointe des tendances et des technologies. Son objectif : exprimer visuellement l\u2019identit\u00e9 de ses clients \u00e0 travers des images marquantes, \u00e9motionnelles et porteuses d\u2019histoires.<\/p>\n<p>\u00a0\u00bb content_last_edited=\u00a0\u00bboff|desktop\u00a0\u00bb admin_label=\u00a0\u00bbTitle &#038; Paragraph\u00a0\u00bb _builder_version=\u00a0\u00bb4.27.4&Prime; text_font=\u00a0\u00bbOpen Sans|500|||||||\u00a0\u00bb text_font_size=\u00a0\u00bb16px\u00a0\u00bb text_line_height=\u00a0\u00bb1.8em\u00a0\u00bb header_font=\u00a0\u00bb||||||||\u00a0\u00bb header_2_font=\u00a0\u00bbMulish|800|||||||\u00a0\u00bb header_2_text_align=\u00a0\u00bbcenter\u00a0\u00bb header_2_font_size=\u00a0\u00bb50px\u00a0\u00bb header_2_line_height=\u00a0\u00bb1.4em\u00a0\u00bb text_orientation=\u00a0\u00bbcenter\u00a0\u00bb max_width=\u00a0\u00bb800px\u00a0\u00bb max_width_last_edited=\u00a0\u00bboff|desktop\u00a0\u00bb module_alignment=\u00a0\u00bbcenter\u00a0\u00bb custom_margin=\u00a0\u00bb|||\u00a0\u00bb custom_padding=\u00a0\u00bb|||\u00a0\u00bb custom_padding_last_edited=\u00a0\u00bboff|desktop\u00a0\u00bb text_font_size_tablet=\u00a0\u00bb16px\u00a0\u00bb text_font_size_phone=\u00a0\u00bb14px\u00a0\u00bb text_font_size_last_edited=\u00a0\u00bbon|phone\u00a0\u00bb header_2_font_size_tablet=\u00a0\u00bb\u00a0\u00bb header_2_font_size_phone=\u00a0\u00bb26px\u00a0\u00bb header_2_font_size_last_edited=\u00a0\u00bbon|phone\u00a0\u00bb global_colors_info=\u00a0\u00bb{}\u00a0\u00bb]<\/p>\n<h2>Manifeste<\/h2>\n<p>[\/et_pb_text][\/et_pb_column][\/et_pb_row][et_pb_row admin_label=\u00a0\u00bbProcess Row\u00a0\u00bb _builder_version=\u00a0\u00bb4.27.0&Prime; global_colors_info=\u00a0\u00bb{}\u00a0\u00bb][et_pb_column type=\u00a0\u00bb4_4&Prime; _builder_version=\u00a0\u00bb4.27.0&Prime; custom_padding=\u00a0\u00bb|||\u00a0\u00bb global_colors_info=\u00a0\u00bb{}\u00a0\u00bb custom_padding__hover=\u00a0\u00bb|||\u00a0\u00bb][et_pb_text _builder_version=\u00a0\u00bb4.27.4&Prime; _module_preset=\u00a0\u00bbdefault\u00a0\u00bb header_3_font=\u00a0\u00bbMulish|800|||||||\u00a0\u00bb header_3_line_height=\u00a0\u00bb1.2em\u00a0\u00bb header_5_font=\u00a0\u00bbMulish|700|||||||\u00a0\u00bb hover_enabled=\u00a0\u00bb0&Prime; header_3_font_size_tablet=\u00a0\u00bb\u00a0\u00bb header_3_font_size_phone=\u00a0\u00bb18px\u00a0\u00bb header_3_font_size_last_edited=\u00a0\u00bbon|phone\u00a0\u00bb global_colors_info=\u00a0\u00bb{}\u00a0\u00bb sticky_enabled=\u00a0\u00bb0&Prime;]<\/p>\n<h5>Un engagement pour l&rsquo;authenticit\u00e9, l&rsquo;ind\u00e9pendance, l\u2019innovation et l&rsquo;excellence<\/h5>\n<p>Chez RAW, nous croyons en la puissance de l&rsquo;information, de l&rsquo;image et de la presse pour fa\u00e7onner la soci\u00e9t\u00e9. Notre manifeste repose sur 4 piliers fondamentaux qui dessinent notre identit\u00e9, nourrissent notre vision et orientent chaque action. Nous ne sommes ni conformistes ni passifs face aux d\u00e9fis qui se dressent. Nous sommes RAW : sans filtre, sans compromis, et r\u00e9solument tourn\u00e9 vers l&rsquo;avenir.<\/p>\n<h5>1. L&rsquo;Authenticit\u00e9<\/h5>\n<p>Dans un monde o\u00f9 l&rsquo;information est souvent d\u00e9form\u00e9e, RAW s&rsquo;engage \u00e0 rester fid\u00e8le \u00e0 ses racines : l&rsquo;authenticit\u00e9 et la transparence. Nous ne nous laissons pas influencer par les int\u00e9r\u00eats ext\u00e9rieurs. Nous croyons en l&rsquo;importance de donner une voix libre et honn\u00eate \u00e0 ceux qui osent d\u00e9fier les normes \u00e9tablies. L&rsquo;int\u00e9grit\u00e9 est au c\u0153ur de notre travail, que ce soit dans nos reportages, nos analyses, ou nos cr\u00e9ations photographiques. Chez RAW, la v\u00e9rit\u00e9 est primordiale, qu&rsquo;elle soit d\u00e9rangeante ou lumineuse. Cette valeur est partag\u00e9e par toutes nos entit\u00e9s : RAW Press, RAW Agency et ASPP, qui agissent de concert pour offrir une presse ind\u00e9pendante et de qualit\u00e9.<\/p>\n<h5>2. L&rsquo;Ind\u00e9pendance<\/h5>\n<p>RAW se construit autour d&rsquo;une ind\u00e9pendance totale. Aucune influence politique, \u00e9conomique ou id\u00e9ologique ne dicte notre ligne \u00e9ditoriale. Nous restons fermes dans nos convictions et dans notre volont\u00e9 de prot\u00e9ger la libert\u00e9 d&rsquo;expression. Nos journalistes, photographes et cr\u00e9ateurs sont libres d&rsquo;explorer les sujets qui les inspirent, sans avoir \u00e0 se soumettre aux diktats externes. L&rsquo;ind\u00e9pendance n&rsquo;est pas une option pour nous, c&rsquo;est une condition sine qua non pour offrir un contenu authentique et sinc\u00e8re. Que ce soit \u00e0 travers RAW Press, en tant que m\u00e9dia d&rsquo;investigation, ou RAW Agency, en tant qu&rsquo;agence de cr\u00e9ation visuelle et strat\u00e9gique, notre mission reste la m\u00eame : pr\u00e9server notre autonomie face \u00e0 toute forme de contr\u00f4le. ASPP renforce cette ind\u00e9pendance par leur soutien \u00e0 la pratique professionnelle de la presse et de la photographie, tout en apportant une dimension \u00e9thique et juridique \u00e0 notre travail.<\/p>\n<h5>3. L&rsquo;Innovation<\/h5>\n<p>Chez RAW, nous embrassons l&rsquo;innovation qui est la cl\u00e9 du progr\u00e8s. Nous nous effor\u00e7ons de r\u00e9inventer les codes de la presse, de la photographie et de la communication. Nos projets visent \u00e0 explorer des formats audacieux, \u00e0 utiliser les technologies de pointe, et \u00e0 offrir une exp\u00e9rience unique \u00e0 nos publics. Nous avons \u00e0 c\u0153ur de marier tradition et modernit\u00e9 pour \u00eatre toujours en avance, proposer des perspectives nouvelles, et aborder les sujets sous un angle in\u00e9dit.<\/p>\n<h5>4. L&rsquo;excellence<\/h5>\n<p>L&rsquo;excellence est notre moteur. Chaque contenu, chaque photo, chaque reportage est r\u00e9alis\u00e9 avec la plus grande rigueur. Nous mettons un point d&rsquo;honneur \u00e0 offrir un travail de qualit\u00e9, r\u00e9fl\u00e9chi, pr\u00e9cis et d\u00e9taill\u00e9. Que ce soit dans nos analyses r\u00e9fl\u00e9chies ou nos cr\u00e9ations visuelles saisissantes, nous ne faisons aucune concession. L&rsquo;excellence ne se limite pas \u00e0 la forme, elle est aussi dans la mani\u00e8re dont nous abordons chaque sujet, dans la profondeur de nos recherches et dans la pertinence de nos points de vue. RAW Press, RAW Agency et ASPP, se r\u00e9unissent pour offrir \u00e0 notre communaut\u00e9 un contenu qui non seulement respecte les normes professionnelles, mais qui les \u00e9l\u00e8ve \u00e0 un niveau sup\u00e9rieur. Ensemble, nous veillons \u00e0 ce que chaque projet soit port\u00e9 par un engagement de qualit\u00e9 irr\u00e9prochable.<\/p>\n<h5>RAW GLOBAL : une vision partag\u00e9e, une action collective<\/h5>\n<p>RAW est bien plus qu&rsquo;une organisation simple. C&rsquo;est une communaut\u00e9 de cr\u00e9ateurs, de journalistes, de photographes et de penseurs libres. Chaque membre de notre r\u00e9seau partage notre vision, notre passion et notre engagement envers un monde meilleur. Nous sommes unis par la m\u00eame mission : offrir un contenu qui inspire, provoque la r\u00e9flexion, et change les mentalit\u00e9s. Nos trois sites internet, chacun avec sa sp\u00e9cialisation unique, sont le reflet de cette diversit\u00e9 et de cette coh\u00e9sion. RAW Agency, RAW Press, et ASPP, sont les piliers de RAW GLOBAL, chacun jouant un r\u00f4le cl\u00e9 dans la r\u00e9alisation de notre mission collective.<\/p>\n<h5>Rejoignez-nous. Soyez #RAW<\/h5>\n<p>Avec RAW, chaque image, chaque mot, chaque id\u00e9e prend vie. Nous sommes l&rsquo;expression d&rsquo;une libert\u00e9 de penser sans fronti\u00e8res, d&rsquo;une cr\u00e9ativit\u00e9 sans limites. Nous vous invitons \u00e0 partager ce voyage avec nous, \u00e0 explorer des perspectives nouvelles, et \u00e0 faire entendre votre voix.<\/p>\n<p>[\/et_pb_text][\/et_pb_column][\/et_pb_row][\/et_pb_section]<\/p>\n","protected":false},"excerpt":{"rendered":"<p>ManifesteUn engagement pour l&rsquo;authenticit\u00e9, l&rsquo;ind\u00e9pendance, l\u2019innovation et l&rsquo;excellence Chez RAW, nous croyons en la puissance de l&rsquo;information, de l&rsquo;image et de la presse pour fa\u00e7onner la soci\u00e9t\u00e9. Notre manifeste repose sur 4 piliers fondamentaux qui dessinent notre identit\u00e9, nourrissent notre vision et orientent chaque action. Nous ne sommes ni conformistes ni passifs face aux d\u00e9fis [&hellip;]<\/p>\n","protected":false},"author":1,"featured_media":0,"parent":0,"menu_order":0,"comment_status":"closed","ping_status":"closed","template":"","meta":{"_et_pb_use_builder":"on","_et_pb_old_content":"<!-- wp:divi\/placeholder \/-->","_et_gb_content_width":"","footnotes":""},"dipi_cpt_category":[],"class_list":["post-30191","page","type-page","status-publish","hentry"],"_links":{"self":[{"href":"https:\/\/raw-agency.com\/en\/wp-json\/wp\/v2\/pages\/30191","targetHints":{"allow":["GET"]}}],"collection":[{"href":"https:\/\/raw-agency.com\/en\/wp-json\/wp\/v2\/pages"}],"about":[{"href":"https:\/\/raw-agency.com\/en\/wp-json\/wp\/v2\/types\/page"}],"author":[{"embeddable":true,"href":"https:\/\/raw-agency.com\/en\/wp-json\/wp\/v2\/users\/1"}],"replies":[{"embeddable":true,"href":"https:\/\/raw-agency.com\/en\/wp-json\/wp\/v2\/comments?post=30191"}],"version-history":[{"count":4,"href":"https:\/\/raw-agency.com\/en\/wp-json\/wp\/v2\/pages\/30191\/revisions"}],"predecessor-version":[{"id":30244,"href":"https:\/\/raw-agency.com\/en\/wp-json\/wp\/v2\/pages\/30191\/revisions\/30244"}],"wp:attachment":[{"href":"https:\/\/raw-agency.com\/en\/wp-json\/wp\/v2\/media?parent=30191"}],"wp:term":[{"taxonomy":"dipi_cpt_category","embeddable":true,"href":"https:\/\/raw-agency.com\/en\/wp-json\/wp\/v2\/dipi_cpt_category?post=30191"}],"curies":[{"name":"wp","href":"https:\/\/api.w.org\/{rel}","templated":true}]}}