{"id":29527,"date":"2024-09-10T11:10:58","date_gmt":"2024-09-10T09:10:58","guid":{"rendered":"https:\/\/raw-agency.com\/?page_id=29527"},"modified":"2025-03-04T17:39:58","modified_gmt":"2025-03-04T16:39:58","slug":"propriete-intellectuelle","status":"publish","type":"page","link":"https:\/\/raw-agency.com\/en\/propriete-intellectuelle\/","title":{"rendered":"Intellectual property"},"content":{"rendered":"<p>[et_pb_section fb_built=\u00a0\u00bb1&Prime; custom_padding_last_edited=\u00a0\u00bbon|phone\u00a0\u00bb admin_label=\u00a0\u00bbIntro Section\u00a0\u00bb _builder_version=\u00a0\u00bb4.27.0&Prime; custom_padding=\u00a0\u00bb69px|0px|69px|0px||\u00a0\u00bb custom_padding_tablet=\u00a0\u00bb100px|0px|100px|0px\u00a0\u00bb custom_padding_phone=\u00a0\u00bb60px|0px|40px|0px|false|false\u00a0\u00bb global_colors_info=\u00a0\u00bb{}\u00a0\u00bb][et_pb_row admin_label=\u00a0\u00bbIntro Row\u00a0\u00bb _builder_version=\u00a0\u00bb4.16&Prime; global_colors_info=\u00a0\u00bb{}\u00a0\u00bb][et_pb_column type=\u00a0\u00bb4_4&Prime; _builder_version=\u00a0\u00bb4.16&Prime; custom_padding=\u00a0\u00bb|||\u00a0\u00bb global_colors_info=\u00a0\u00bb{}\u00a0\u00bb custom_padding__hover=\u00a0\u00bb|||\u00a0\u00bb][et_pb_text content_tablet=\u00a0\u00bb<\/p>\n<h2>Raw Agency, en synth\u00e8se<\/h2>\n<p>Raw Agency est une agence cr\u00e9ative genevoise sp\u00e9cialis\u00e9e dans la photographie. Compos\u00e9e de passionn\u00e9s, elle propose des services sur-mesure, alliant expertise et innovation. Chaque projet est trait\u00e9 de mani\u00e8re unique pour sublimer la vision des clients gr\u00e2ce \u00e0 des concepts visuels innovants. Forte de plusieurs ann\u00e9es d\u2019exp\u00e9rience, l\u2019agence combine tradition et modernit\u00e9, restant \u00e0 la pointe des tendances et des technologies. Son objectif : exprimer visuellement l\u2019identit\u00e9 de ses clients \u00e0 travers des images marquantes, \u00e9motionnelles et porteuses d\u2019histoires.<\/p>\n<p>\u00a0\u00bb content_phone=\u00a0\u00bb<\/p>\n<h2>Raw Agency,<br \/>en synth\u00e8se<\/h2>\n<p>Raw Agency est une agence cr\u00e9ative genevoise sp\u00e9cialis\u00e9e dans la photographie. Compos\u00e9e de passionn\u00e9s, elle propose des services sur-mesure, alliant expertise et innovation. Chaque projet est trait\u00e9 de mani\u00e8re unique pour sublimer la vision des clients gr\u00e2ce \u00e0 des concepts visuels innovants. Forte de plusieurs ann\u00e9es d\u2019exp\u00e9rience, l\u2019agence combine tradition et modernit\u00e9, restant \u00e0 la pointe des tendances et des technologies. Son objectif : exprimer visuellement l\u2019identit\u00e9 de ses clients \u00e0 travers des images marquantes, \u00e9motionnelles et porteuses d\u2019histoires.<\/p>\n<p>\u00a0\u00bb content_last_edited=\u00a0\u00bboff|desktop\u00a0\u00bb admin_label=\u00a0\u00bbTitle &#038; Paragraph\u00a0\u00bb _builder_version=\u00a0\u00bb4.27.0&Prime; text_font=\u00a0\u00bbOpen Sans|500|||||||\u00a0\u00bb text_font_size=\u00a0\u00bb16px\u00a0\u00bb text_line_height=\u00a0\u00bb1.8em\u00a0\u00bb header_font=\u00a0\u00bb||||||||\u00a0\u00bb header_2_font=\u00a0\u00bbMulish|800|||||||\u00a0\u00bb header_2_text_align=\u00a0\u00bbcenter\u00a0\u00bb header_2_font_size=\u00a0\u00bb50px\u00a0\u00bb header_2_line_height=\u00a0\u00bb1.4em\u00a0\u00bb text_orientation=\u00a0\u00bbcenter\u00a0\u00bb max_width=\u00a0\u00bb800px\u00a0\u00bb max_width_last_edited=\u00a0\u00bboff|desktop\u00a0\u00bb module_alignment=\u00a0\u00bbcenter\u00a0\u00bb custom_margin=\u00a0\u00bb|||\u00a0\u00bb custom_padding=\u00a0\u00bb|||\u00a0\u00bb custom_padding_last_edited=\u00a0\u00bboff|desktop\u00a0\u00bb text_font_size_tablet=\u00a0\u00bb16px\u00a0\u00bb text_font_size_phone=\u00a0\u00bb14px\u00a0\u00bb text_font_size_last_edited=\u00a0\u00bbon|phone\u00a0\u00bb header_2_font_size_tablet=\u00a0\u00bb\u00a0\u00bb header_2_font_size_phone=\u00a0\u00bb26px\u00a0\u00bb header_2_font_size_last_edited=\u00a0\u00bbon|phone\u00a0\u00bb global_colors_info=\u00a0\u00bb{}\u00a0\u00bb]<\/p>\n<h2>Propri\u00e9t\u00e9 intellectuelle<\/h2>\n<p>[\/et_pb_text][\/et_pb_column][\/et_pb_row][et_pb_row admin_label=\u00a0\u00bbProcess Row\u00a0\u00bb _builder_version=\u00a0\u00bb4.27.0&Prime; global_colors_info=\u00a0\u00bb{}\u00a0\u00bb][et_pb_column type=\u00a0\u00bb4_4&Prime; _builder_version=\u00a0\u00bb4.27.0&Prime; custom_padding=\u00a0\u00bb|||\u00a0\u00bb global_colors_info=\u00a0\u00bb{}\u00a0\u00bb custom_padding__hover=\u00a0\u00bb|||\u00a0\u00bb][et_pb_text _builder_version=\u00a0\u00bb4.27.4&Prime; _module_preset=\u00a0\u00bbdefault\u00a0\u00bb header_3_font=\u00a0\u00bbMulish|800|||||||\u00a0\u00bb header_3_line_height=\u00a0\u00bb1.2em\u00a0\u00bb header_5_font=\u00a0\u00bbMulish|700|||||||\u00a0\u00bb hover_enabled=\u00a0\u00bb0&Prime; header_3_font_size_tablet=\u00a0\u00bb\u00a0\u00bb header_3_font_size_phone=\u00a0\u00bb18px\u00a0\u00bb header_3_font_size_last_edited=\u00a0\u00bbon|phone\u00a0\u00bb global_colors_info=\u00a0\u00bb{}\u00a0\u00bb sticky_enabled=\u00a0\u00bb0&Prime;]<\/p>\n<h3>Syst\u00e8me de licence d&rsquo;utilisation des images \u2013 RAW AGENCY<\/h3>\n<h5>Propri\u00e9t\u00e9 des Images<\/h5>\n<p>Toutes les photographies pr\u00e9sentes sur ce site sont la propri\u00e9t\u00e9 exclusive de RAW AGENCY ou de ses photographes partenaires. Ces images sont prot\u00e9g\u00e9es par les lois sur le droit d&rsquo;auteur et toute autre l\u00e9gislation relative \u00e0 la propri\u00e9t\u00e9 intellectuelle. Sauf indication contraire, aucune image ne peut \u00eatre reproduite, copi\u00e9e, modifi\u00e9e, ou utilis\u00e9e sans l&rsquo;autorisation expresse de RAW AGENCY.<\/p>\n<h5>Licence Limit\u00e9e d&rsquo;Utilisation<\/h5>\n<p>En acc\u00e9dant \u00e0 ce site, nous vous accordons une licence limit\u00e9e pour visualiser et utiliser les images \u00e0 des fins personnelles et non commerciales. Toute autre utilisation (notamment commerciale, \u00e9ditoriale, ou publicitaire) est strictement interdite sans notre accord pr\u00e9alable.<\/p>\n<h5>Obtention d&rsquo;une Licence Commerciale<\/h5>\n<p>Pour toute utilisation commerciale ou \u00e9ditoriale des images (notamment dans des publications, sur d&rsquo;autres sites web, ou \u00e0 des fins promotionnelles), vous devez obtenir une licence en contactant RAW AGENCY. Nous vous fournirons les modalit\u00e9s et les tarifs sp\u00e9cifiques en fonction de l&rsquo;utilisation souhait\u00e9e.<\/p>\n<h5>Sanctions en Cas d&rsquo;Utilisation Non Autoris\u00e9e<\/h5>\n<p>Toute utilisation non autoris\u00e9e des images constitue une violation de la l\u00e9gislation sur les droits d&rsquo;auteur et peut entra\u00eener des poursuites judiciaires. En cas de reproduction ou d&rsquo;utilisation non conforme, RAW AGENCY se r\u00e9serve le droit de prendre les mesures n\u00e9cessaires pour prot\u00e9ger ses droits, y compris des actions en justice et des demandes de d\u00e9dommagement.<\/p>\n<h5>Responsabilit\u00e9 des Utilisateurs<\/h5>\n<p>Vous reconnaissez que l&rsquo;utilisation non autoris\u00e9e des images pr\u00e9sente sur ce site peut entra\u00eener des cons\u00e9quences l\u00e9gales. En cas de doute sur l\u2019utilisation que vous souhaitez faire d&rsquo;une image, nous vous invitons \u00e0 nous contacter pour obtenir les informations et permissions n\u00e9cessaires.<br \/>\u00a9 RAW AGENCY<\/p>\n<p>[\/et_pb_text][\/et_pb_column][\/et_pb_row][\/et_pb_section]<\/p>\n","protected":false},"excerpt":{"rendered":"<p>Propri\u00e9t\u00e9 intellectuelleSyst\u00e8me de licence d&rsquo;utilisation des images \u2013 RAW AGENCY Propri\u00e9t\u00e9 des Images Toutes les photographies pr\u00e9sentes sur ce site sont la propri\u00e9t\u00e9 exclusive de RAW AGENCY ou de ses photographes partenaires. Ces images sont prot\u00e9g\u00e9es par les lois sur le droit d&rsquo;auteur et toute autre l\u00e9gislation relative \u00e0 la propri\u00e9t\u00e9 intellectuelle. Sauf indication contraire, [&hellip;]<\/p>\n","protected":false},"author":1,"featured_media":0,"parent":0,"menu_order":0,"comment_status":"closed","ping_status":"closed","template":"","meta":{"_et_pb_use_builder":"on","_et_pb_old_content":"<!-- wp:divi\/placeholder \/-->","_et_gb_content_width":"","footnotes":""},"dipi_cpt_category":[],"class_list":["post-29527","page","type-page","status-publish","hentry"],"_links":{"self":[{"href":"https:\/\/raw-agency.com\/en\/wp-json\/wp\/v2\/pages\/29527","targetHints":{"allow":["GET"]}}],"collection":[{"href":"https:\/\/raw-agency.com\/en\/wp-json\/wp\/v2\/pages"}],"about":[{"href":"https:\/\/raw-agency.com\/en\/wp-json\/wp\/v2\/types\/page"}],"author":[{"embeddable":true,"href":"https:\/\/raw-agency.com\/en\/wp-json\/wp\/v2\/users\/1"}],"replies":[{"embeddable":true,"href":"https:\/\/raw-agency.com\/en\/wp-json\/wp\/v2\/comments?post=29527"}],"version-history":[{"count":8,"href":"https:\/\/raw-agency.com\/en\/wp-json\/wp\/v2\/pages\/29527\/revisions"}],"predecessor-version":[{"id":30190,"href":"https:\/\/raw-agency.com\/en\/wp-json\/wp\/v2\/pages\/29527\/revisions\/30190"}],"wp:attachment":[{"href":"https:\/\/raw-agency.com\/en\/wp-json\/wp\/v2\/media?parent=29527"}],"wp:term":[{"taxonomy":"dipi_cpt_category","embeddable":true,"href":"https:\/\/raw-agency.com\/en\/wp-json\/wp\/v2\/dipi_cpt_category?post=29527"}],"curies":[{"name":"wp","href":"https:\/\/api.w.org\/{rel}","templated":true}]}}